{"id":8,"date":"2018-04-20T18:40:55","date_gmt":"2018-04-20T18:40:55","guid":{"rendered":"https:\/\/www.marix.com.br\/wp\/?page_id=8"},"modified":"2025-05-01T16:49:12","modified_gmt":"2025-05-01T16:49:12","slug":"about","status":"publish","type":"page","link":"https:\/\/marix.us\/index.php\/about\/","title":{"rendered":"About"},"content":{"rendered":"\n<p class=\"has-text-align-center\">Marix Door Closers are an innovation in the world of doors marketed in most important countries in the Americas, Europe and Asia. The MARIX Door Closer is a patented product that has required years of development involving state-of-the-art metallurgical industry technologies combined with the technological and material innovations of the automotive industry. The constant pursuit for innovation, quality and technology, focused on floor concealed door closers, is the great differential of Marix. Our market relation is fulfilled with respect for the entire production chain, from the suppliers to the final consumers, in order to create a harmonious and prosperous relationship. The Marix Door Closer is the most modern product in the segment of Hinges for pivoting doors of every type of material. It gathers the Pivot Lightness in doors with the Functionality of a closing mechanism on top of all the great advantages like compactness, durability and competitive price.<\/p>\n\n\n<figure class=\"wp-block-embed-youtube wp-block-embed is-type-video is-provider-youtube wp-embed-aspect-16-9 wp-has-aspect-ratio\"><div class=\"lyte-wrapper\" title=\"Molas para Porta | Apresenta&ccedil;&atilde;o Marix #portapivotante #moladepavimento #acoinox #shorts #mimetismo\" style=\"width:1280px;max-width:100%;margin:5px;\"><div class=\"lyMe hidef\" id=\"WYL_JIcYcD09feA\" itemprop=\"video\" itemscope itemtype=\"https:\/\/schema.org\/VideoObject\"><div><meta itemprop=\"thumbnailUrl\" content=\"https:\/\/marix.us\/wp-content\/plugins\/wp-youtube-lyte\/lyteCache.php?origThumbUrl=https%3A%2F%2Fi.ytimg.com%2Fvi%2FJIcYcD09feA%2Fmaxresdefault.jpg\" \/><meta itemprop=\"embedURL\" content=\"https:\/\/www.youtube.com\/embed\/JIcYcD09feA\" \/><meta itemprop=\"duration\" content=\"PT6M15S\" \/><meta itemprop=\"uploadDate\" content=\"2014-03-14T22:05:14Z\" \/><\/div><div id=\"lyte_JIcYcD09feA\" data-src=\"https:\/\/marix.us\/wp-content\/plugins\/wp-youtube-lyte\/lyteCache.php?origThumbUrl=https%3A%2F%2Fi.ytimg.com%2Fvi%2FJIcYcD09feA%2Fmaxresdefault.jpg\" class=\"pL\"><div class=\"tC\"><div class=\"tT\" itemprop=\"name\">Molas para Porta | Apresenta\u00e7\u00e3o Marix #portapivotante #moladepavimento #acoinox #shorts #mimetismo<\/div><\/div><div class=\"play\"><\/div><div class=\"ctrl\"><div class=\"Lctrl\"><\/div><div class=\"Rctrl\"><\/div><\/div><\/div><noscript><a href=\"https:\/\/youtu.be\/JIcYcD09feA\" rel=\"nofollow\"><img loading=\"lazy\" decoding=\"async\" src=\"https:\/\/marix.us\/wp-content\/plugins\/wp-youtube-lyte\/lyteCache.php?origThumbUrl=https%3A%2F%2Fi.ytimg.com%2Fvi%2FJIcYcD09feA%2F0.jpg\" alt=\"Molas para Porta | Apresenta&ccedil;&atilde;o Marix #portapivotante #moladepavimento #acoinox #shorts #mimetismo\" width=\"1280\" height=\"700\" \/><br \/>Watch this video on YouTube<\/a><\/noscript><meta itemprop=\"description\" content=\"Porta Pivotante com a Mola de Piso Marix. Elimina o uso de Dobradi\u00e7as e pode substituir as Molas A\u00e9reas, sendo facilmente utilizada em hot\u00e9is, hospitais, restaurantes e resid\u00eancias. Elimina as batidas indesejadas de portas de cozinha, banheiros, quartos, etc. Produto totalmente Brasileiro com 05 Anos de Garantia de F\u00e1brica. Compre on-line: www.marix.com.br Marix, a Evolu\u00e7\u00e3o no segmento de Molas de Piso. Mola de Pavimento Compre on-line: www.marix.com.br pivotante, #vaivem #shorts #pivot #acoinox #mola #molamarix #pivots #portapivotante #moladepavimento #mimetismo Saiba mais em: www.marix.com.br\"><\/div><\/div><div class=\"lL\" style=\"max-width:100%;width:1280px;margin:5px;\"><\/div><figcaption><\/figcaption><\/figure>\n\n<figure class=\"wp-block-embed-youtube wp-block-embed is-type-video is-provider-youtube wp-embed-aspect-16-9 wp-has-aspect-ratio\"><div class=\"lyte-wrapper\" title=\"Molas p\/ Porta | Apresenta&ccedil;&atilde;o Marix #vaivem #shorts #pivot #acoinox #portapivotante #moladepavimento\" style=\"width:1280px;max-width:100%;margin:5px;\"><div class=\"lyMe hidef\" id=\"WYL_QnL4nwJAKW4\" itemprop=\"video\" itemscope itemtype=\"https:\/\/schema.org\/VideoObject\"><div><meta itemprop=\"thumbnailUrl\" content=\"https:\/\/marix.us\/wp-content\/plugins\/wp-youtube-lyte\/lyteCache.php?origThumbUrl=https%3A%2F%2Fi.ytimg.com%2Fvi%2FQnL4nwJAKW4%2Fhqdefault.jpg\" \/><meta itemprop=\"embedURL\" content=\"https:\/\/www.youtube.com\/embed\/QnL4nwJAKW4\" \/><meta itemprop=\"duration\" content=\"PT1M42S\" \/><meta itemprop=\"uploadDate\" content=\"2015-04-24T17:55:41Z\" \/><\/div><div id=\"lyte_QnL4nwJAKW4\" data-src=\"https:\/\/marix.us\/wp-content\/plugins\/wp-youtube-lyte\/lyteCache.php?origThumbUrl=https%3A%2F%2Fi.ytimg.com%2Fvi%2FQnL4nwJAKW4%2Fhqdefault.jpg\" class=\"pL\"><div class=\"tC\"><div class=\"tT\" itemprop=\"name\">Molas p\/ Porta | Apresenta\u00e7\u00e3o Marix #vaivem #shorts #pivot #acoinox #portapivotante #moladepavimento<\/div><\/div><div class=\"play\"><\/div><div class=\"ctrl\"><div class=\"Lctrl\"><\/div><div class=\"Rctrl\"><\/div><\/div><\/div><noscript><a href=\"https:\/\/youtu.be\/QnL4nwJAKW4\" rel=\"nofollow\"><img loading=\"lazy\" decoding=\"async\" src=\"https:\/\/marix.us\/wp-content\/plugins\/wp-youtube-lyte\/lyteCache.php?origThumbUrl=https%3A%2F%2Fi.ytimg.com%2Fvi%2FQnL4nwJAKW4%2F0.jpg\" alt=\"Molas p\/ Porta | Apresenta&ccedil;&atilde;o Marix #vaivem #shorts #pivot #acoinox #portapivotante #moladepavimento\" width=\"1280\" height=\"700\" \/><br \/>Watch this video on YouTube<\/a><\/noscript><meta itemprop=\"description\" content=\"Porta Pivotante com a Mola de Piso Marix. Elimina o uso de Dobradi\u00e7as e pode substituir as Molas A\u00e9reas, sendo facilmente utilizada em hot\u00e9is, hospitais, restaurantes e resid\u00eancias. #serralheria Elimina as batidas indesejadas de portas de cozinha, banheiros, quartos, etc. Produto totalmente Brasileiro com 05 Anos de Garantia de F\u00e1brica. Compre on-line: www.marix.com.br Marix, a Evolu\u00e7\u00e3o no segmento de Molas de Piso. Mola de Pavimento Compre on-line: www.marix.com.br pivotante, #vaivem #shorts #pivot #acoinox #mola #molamarix #pivots #portapivotante #moladepavimento #mimetismo Saiba mais em: www.marix.com.br\"><\/div><\/div><div class=\"lL\" style=\"max-width:100%;width:1280px;margin:5px;\"><\/div><figcaption><\/figcaption><\/figure>\n\n<figure class=\"wp-block-embed-youtube wp-block-embed is-type-video is-provider-youtube wp-embed-aspect-16-9 wp-has-aspect-ratio\"><div class=\"lyte-wrapper\" title=\"Promocional Molas Marix #vaivem #shorts #pivot #acoinox #pivots #portapivotante #moladepavimento\" style=\"width:1280px;max-width:100%;margin:5px;\"><div class=\"lyMe hidef\" id=\"WYL_OJOBkkYM6u8\" itemprop=\"video\" itemscope itemtype=\"https:\/\/schema.org\/VideoObject\"><div><meta itemprop=\"thumbnailUrl\" content=\"https:\/\/marix.us\/wp-content\/plugins\/wp-youtube-lyte\/lyteCache.php?origThumbUrl=https%3A%2F%2Fi.ytimg.com%2Fvi%2FOJOBkkYM6u8%2Fhqdefault.jpg\" \/><meta itemprop=\"embedURL\" content=\"https:\/\/www.youtube.com\/embed\/OJOBkkYM6u8\" \/><meta itemprop=\"duration\" content=\"PT33S\" \/><meta itemprop=\"uploadDate\" content=\"2015-04-24T18:06:30Z\" \/><\/div><div id=\"lyte_OJOBkkYM6u8\" data-src=\"https:\/\/marix.us\/wp-content\/plugins\/wp-youtube-lyte\/lyteCache.php?origThumbUrl=https%3A%2F%2Fi.ytimg.com%2Fvi%2FOJOBkkYM6u8%2Fhqdefault.jpg\" class=\"pL\"><div class=\"tC\"><div class=\"tT\" itemprop=\"name\">Promocional Molas Marix #vaivem #shorts #pivot #acoinox #pivots #portapivotante #moladepavimento<\/div><\/div><div class=\"play\"><\/div><div class=\"ctrl\"><div class=\"Lctrl\"><\/div><div class=\"Rctrl\"><\/div><\/div><\/div><noscript><a href=\"https:\/\/youtu.be\/OJOBkkYM6u8\" rel=\"nofollow\"><img loading=\"lazy\" decoding=\"async\" src=\"https:\/\/marix.us\/wp-content\/plugins\/wp-youtube-lyte\/lyteCache.php?origThumbUrl=https%3A%2F%2Fi.ytimg.com%2Fvi%2FOJOBkkYM6u8%2F0.jpg\" alt=\"Promocional Molas Marix #vaivem #shorts #pivot #acoinox #pivots #portapivotante #moladepavimento\" width=\"1280\" height=\"700\" \/><br \/>Watch this video on YouTube<\/a><\/noscript><meta itemprop=\"description\" content=\"Promocional Molas Marix #shorts #pivot #acoinox #stainlesssteel #doorcloser #portapivotante #portapivotante #mimetismo #serralheria Elimina o uso de Dobradi\u00e7as e pode substituir as Molas A\u00e9reas, sendo facilmente utilizada em hot\u00e9is, hospitais, restaurantes e resid\u00eancias. Elimina as batidas indesejadas de portas de cozinha, banheiros, quartos, etc. Produto totalmente Brasileiro com 05 Anos de Garantia de F\u00e1brica. Compre on-line: www.marix.com.br Marix, a Evolu\u00e7\u00e3o no segmento de Molas de Piso. Mola de Pavimento Compre on-line: www.marix.com.br pivotante, vaivem #shorts #pivot #acoinox #mola #shorts #pivot #molamarix #pivot #pivots #portapivotante Saiba mais em: www.marix.com.br\"><\/div><\/div><div class=\"lL\" style=\"max-width:100%;width:1280px;margin:5px;\"><\/div><figcaption><\/figcaption><\/figure>\n\n\n<h3 class=\"wp-block-heading\">&nbsp;<\/h3>\n\n\n\n<h2 class=\"wp-block-heading has-text-align-center modtitle\">Contacts:<\/h2>\n\n\n\n<div style=\"height:35px\" aria-hidden=\"true\" class=\"wp-block-spacer\"><\/div>\n\n\n\n<h2 class=\"wp-block-heading has-text-align-center\">Marix Florida<br>595 E Sample Road,<br>Pompano Beach, Florida<br>Zip Code: 33064<br>contact@marix.us<br><br>Sales:<br>sales@marix.us<br><a href=\"https:\/\/api.whatsapp.com\/send?phone=19542429175&amp;text=I%20want%20more%20information%20on%20Marix%20doorcloser.\">1-954-242-9175<br>1-954-254-0861<\/a><br><br>Warranty:<br>warranty@marix.usMarix<\/h2>\n\n\n\n<div style=\"height:29px\" aria-hidden=\"true\" class=\"wp-block-spacer\"><\/div>\n\n\n\n<h2 class=\"wp-block-heading has-text-align-center\"><strong><a href=\"https:\/\/marix.us\/index.php\/warranty\/\">Limited Warranty Marix<\/a><\/strong><\/h2>\n\n\n\n<h2 class=\"wp-block-heading has-text-align-center\"><br><strong>&nbsp;<\/strong><a href=\"https:\/\/marix.us\/index.php\/awards-certificates\/\">Awards &amp; Certificates<\/a><\/h2>\n\n\n\n<div style=\"height:33px\" aria-hidden=\"true\" class=\"wp-block-spacer\"><\/div>\n\n\n\n<h2 class=\"wp-block-heading has-text-align-center\">Marix World<\/h2>\n\n\n\n<h2 class=\"wp-block-heading has-text-align-center\"><a href=\"http:\/\/marix.com.br\">Brazil<\/a><br><strong><a href=\"https:\/\/marix.com.br\/\">marix.com.br<\/a><\/strong><br><br>Portugal<br><a href=\"http:\/\/avermate.pt\/pt\/\"><strong>Avermate<\/strong><\/a><\/h2>\n\n<!-- Bot\u00e3o Flutuante do WhatsApp -->\n<a href=\"https:\/\/wa.me\/19542429175\" class=\"whatsapp-float\" target=\"_blank\" aria-label=\"Contact us on WhatsApp\">\n  <img decoding=\"async\" src=\"https:\/\/marix.us\/wp-content\/uploads\/2025\/04\/whatsapp-60-1.png\" alt=\"WhatsApp\" style=\"width:60px;height:60px;\">\n<\/a>\n\n<style>\n.whatsapp-float {\n    position: fixed;\n    width: 60px;\n    height: 60px;\n    bottom: 20px;\n    right: 60px;\n    background-color: #25d366;\n    color: #fff;\n    border-radius: 50px;\n    text-align: center;\n    font-size: 30px;\n    box-shadow: 2px 2px 5px #999;\n    z-index: 100;\n    display: flex;\n    align-items: center;\n    justify-content: center;\n}\n.whatsapp-float img {\n    width: 35px;\n    height: 35px;\n}\n<\/style>\n","protected":false},"excerpt":{"rendered":"<p>About Marix<\/p>\n","protected":false},"author":1,"featured_media":821,"parent":0,"menu_order":0,"comment_status":"closed","ping_status":"closed","template":"","meta":{"footnotes":""},"class_list":["post-8","page","type-page","status-publish","has-post-thumbnail","hentry"],"yoast_head":"<!-- This site is optimized with the Yoast SEO plugin v27.5 - https:\/\/yoast.com\/product\/yoast-seo-wordpress\/ -->\n<title>About - Marix Pivot Door Closers<\/title>\n<meta name=\"description\" content=\"About Marix - It gathers the Pivot Lightness in doors with the Functionality of a closing mechanism. Advantages like compactness, durability.\" \/>\n<meta name=\"robots\" content=\"index, follow, max-snippet:-1, max-image-preview:large, max-video-preview:-1\" \/>\n<link rel=\"canonical\" href=\"https:\/\/marix.us\/index.php\/about\/\" \/>\n<meta property=\"og:locale\" content=\"en_US\" \/>\n<meta property=\"og:type\" content=\"article\" \/>\n<meta property=\"og:title\" content=\"About - Marix Pivot Door Closers\" \/>\n<meta property=\"og:description\" content=\"About Marix - It gathers the Pivot Lightness in doors with the Functionality of a closing mechanism. Advantages like compactness, durability.\" \/>\n<meta property=\"og:url\" content=\"https:\/\/marix.us\/index.php\/about\/\" \/>\n<meta property=\"og:site_name\" content=\"Marix Pivot Door Closers\" \/>\n<meta property=\"article:publisher\" content=\"https:\/\/facebook.com\/molamarix\" \/>\n<meta property=\"article:modified_time\" content=\"2025-05-01T16:49:12+00:00\" \/>\n<meta property=\"og:image\" content=\"https:\/\/marix.us\/wp-content\/uploads\/2018\/11\/Casal-Marix-Ingles-s1200T.jpg\" \/>\n\t<meta property=\"og:image:width\" content=\"1200\" \/>\n\t<meta property=\"og:image:height\" content=\"675\" \/>\n\t<meta property=\"og:image:type\" content=\"image\/jpeg\" \/>\n<meta name=\"twitter:card\" content=\"summary_large_image\" \/>\n<meta name=\"twitter:label1\" content=\"Est. reading time\" \/>\n\t<meta name=\"twitter:data1\" content=\"2 minutes\" \/>\n<script type=\"application\/ld+json\" class=\"yoast-schema-graph\">{\"@context\":\"https:\\\/\\\/schema.org\",\"@graph\":[{\"@type\":\"WebPage\",\"@id\":\"https:\\\/\\\/marix.us\\\/index.php\\\/about\\\/\",\"url\":\"https:\\\/\\\/marix.us\\\/index.php\\\/about\\\/\",\"name\":\"About - Marix Pivot Door Closers\",\"isPartOf\":{\"@id\":\"https:\\\/\\\/marix.us\\\/#website\"},\"primaryImageOfPage\":{\"@id\":\"https:\\\/\\\/marix.us\\\/index.php\\\/about\\\/#primaryimage\"},\"image\":{\"@id\":\"https:\\\/\\\/marix.us\\\/index.php\\\/about\\\/#primaryimage\"},\"thumbnailUrl\":\"https:\\\/\\\/marix.us\\\/wp-content\\\/uploads\\\/2018\\\/11\\\/Casal-Marix-Ingles-s1200T.jpg\",\"datePublished\":\"2018-04-20T18:40:55+00:00\",\"dateModified\":\"2025-05-01T16:49:12+00:00\",\"description\":\"About Marix - It gathers the Pivot Lightness in doors with the Functionality of a closing mechanism. Advantages like compactness, durability.\",\"breadcrumb\":{\"@id\":\"https:\\\/\\\/marix.us\\\/index.php\\\/about\\\/#breadcrumb\"},\"inLanguage\":\"en-US\",\"potentialAction\":[{\"@type\":\"ReadAction\",\"target\":[\"https:\\\/\\\/marix.us\\\/index.php\\\/about\\\/\"]}]},{\"@type\":\"ImageObject\",\"inLanguage\":\"en-US\",\"@id\":\"https:\\\/\\\/marix.us\\\/index.php\\\/about\\\/#primaryimage\",\"url\":\"https:\\\/\\\/marix.us\\\/wp-content\\\/uploads\\\/2018\\\/11\\\/Casal-Marix-Ingles-s1200T.jpg\",\"contentUrl\":\"https:\\\/\\\/marix.us\\\/wp-content\\\/uploads\\\/2018\\\/11\\\/Casal-Marix-Ingles-s1200T.jpg\",\"width\":1200,\"height\":675,\"caption\":\"Marix satisfied customers\"},{\"@type\":\"BreadcrumbList\",\"@id\":\"https:\\\/\\\/marix.us\\\/index.php\\\/about\\\/#breadcrumb\",\"itemListElement\":[{\"@type\":\"ListItem\",\"position\":1,\"name\":\"Home\",\"item\":\"https:\\\/\\\/marix.us\\\/\"},{\"@type\":\"ListItem\",\"position\":2,\"name\":\"About\"}]},{\"@type\":\"WebSite\",\"@id\":\"https:\\\/\\\/marix.us\\\/#website\",\"url\":\"https:\\\/\\\/marix.us\\\/\",\"name\":\"Marix Pivot Door Closers\",\"description\":\"The Innovative Door Hinge\",\"publisher\":{\"@id\":\"https:\\\/\\\/marix.us\\\/#organization\"},\"potentialAction\":[{\"@type\":\"SearchAction\",\"target\":{\"@type\":\"EntryPoint\",\"urlTemplate\":\"https:\\\/\\\/marix.us\\\/?s={search_term_string}\"},\"query-input\":{\"@type\":\"PropertyValueSpecification\",\"valueRequired\":true,\"valueName\":\"search_term_string\"}}],\"inLanguage\":\"en-US\"},{\"@type\":\"Organization\",\"@id\":\"https:\\\/\\\/marix.us\\\/#organization\",\"name\":\"Marix Pivot Door Closers\",\"url\":\"https:\\\/\\\/marix.us\\\/\",\"logo\":{\"@type\":\"ImageObject\",\"inLanguage\":\"en-US\",\"@id\":\"https:\\\/\\\/marix.us\\\/#\\\/schema\\\/logo\\\/image\\\/\",\"url\":\"https:\\\/\\\/marix.us\\\/wp-content\\\/uploads\\\/2022\\\/08\\\/cropped-LOGO-USA-Blue-12.webp\",\"contentUrl\":\"https:\\\/\\\/marix.us\\\/wp-content\\\/uploads\\\/2022\\\/08\\\/cropped-LOGO-USA-Blue-12.webp\",\"width\":196,\"height\":44,\"caption\":\"Marix Pivot Door Closers\"},\"image\":{\"@id\":\"https:\\\/\\\/marix.us\\\/#\\\/schema\\\/logo\\\/image\\\/\"},\"sameAs\":[\"https:\\\/\\\/facebook.com\\\/molamarix\"]}]}<\/script>\n<!-- \/ Yoast SEO plugin. -->","yoast_head_json":{"title":"About - Marix Pivot Door Closers","description":"About Marix - It gathers the Pivot Lightness in doors with the Functionality of a closing mechanism. Advantages like compactness, durability.","robots":{"index":"index","follow":"follow","max-snippet":"max-snippet:-1","max-image-preview":"max-image-preview:large","max-video-preview":"max-video-preview:-1"},"canonical":"https:\/\/marix.us\/index.php\/about\/","og_locale":"en_US","og_type":"article","og_title":"About - Marix Pivot Door Closers","og_description":"About Marix - It gathers the Pivot Lightness in doors with the Functionality of a closing mechanism. Advantages like compactness, durability.","og_url":"https:\/\/marix.us\/index.php\/about\/","og_site_name":"Marix Pivot Door Closers","article_publisher":"https:\/\/facebook.com\/molamarix","article_modified_time":"2025-05-01T16:49:12+00:00","og_image":[{"width":1200,"height":675,"url":"https:\/\/marix.us\/wp-content\/uploads\/2018\/11\/Casal-Marix-Ingles-s1200T.jpg","type":"image\/jpeg"}],"twitter_card":"summary_large_image","twitter_misc":{"Est. reading time":"2 minutes"},"schema":{"@context":"https:\/\/schema.org","@graph":[{"@type":"WebPage","@id":"https:\/\/marix.us\/index.php\/about\/","url":"https:\/\/marix.us\/index.php\/about\/","name":"About - Marix Pivot Door Closers","isPartOf":{"@id":"https:\/\/marix.us\/#website"},"primaryImageOfPage":{"@id":"https:\/\/marix.us\/index.php\/about\/#primaryimage"},"image":{"@id":"https:\/\/marix.us\/index.php\/about\/#primaryimage"},"thumbnailUrl":"https:\/\/marix.us\/wp-content\/uploads\/2018\/11\/Casal-Marix-Ingles-s1200T.jpg","datePublished":"2018-04-20T18:40:55+00:00","dateModified":"2025-05-01T16:49:12+00:00","description":"About Marix - It gathers the Pivot Lightness in doors with the Functionality of a closing mechanism. Advantages like compactness, durability.","breadcrumb":{"@id":"https:\/\/marix.us\/index.php\/about\/#breadcrumb"},"inLanguage":"en-US","potentialAction":[{"@type":"ReadAction","target":["https:\/\/marix.us\/index.php\/about\/"]}]},{"@type":"ImageObject","inLanguage":"en-US","@id":"https:\/\/marix.us\/index.php\/about\/#primaryimage","url":"https:\/\/marix.us\/wp-content\/uploads\/2018\/11\/Casal-Marix-Ingles-s1200T.jpg","contentUrl":"https:\/\/marix.us\/wp-content\/uploads\/2018\/11\/Casal-Marix-Ingles-s1200T.jpg","width":1200,"height":675,"caption":"Marix satisfied customers"},{"@type":"BreadcrumbList","@id":"https:\/\/marix.us\/index.php\/about\/#breadcrumb","itemListElement":[{"@type":"ListItem","position":1,"name":"Home","item":"https:\/\/marix.us\/"},{"@type":"ListItem","position":2,"name":"About"}]},{"@type":"WebSite","@id":"https:\/\/marix.us\/#website","url":"https:\/\/marix.us\/","name":"Marix Pivot Door Closers","description":"The Innovative Door Hinge","publisher":{"@id":"https:\/\/marix.us\/#organization"},"potentialAction":[{"@type":"SearchAction","target":{"@type":"EntryPoint","urlTemplate":"https:\/\/marix.us\/?s={search_term_string}"},"query-input":{"@type":"PropertyValueSpecification","valueRequired":true,"valueName":"search_term_string"}}],"inLanguage":"en-US"},{"@type":"Organization","@id":"https:\/\/marix.us\/#organization","name":"Marix Pivot Door Closers","url":"https:\/\/marix.us\/","logo":{"@type":"ImageObject","inLanguage":"en-US","@id":"https:\/\/marix.us\/#\/schema\/logo\/image\/","url":"https:\/\/marix.us\/wp-content\/uploads\/2022\/08\/cropped-LOGO-USA-Blue-12.webp","contentUrl":"https:\/\/marix.us\/wp-content\/uploads\/2022\/08\/cropped-LOGO-USA-Blue-12.webp","width":196,"height":44,"caption":"Marix Pivot Door Closers"},"image":{"@id":"https:\/\/marix.us\/#\/schema\/logo\/image\/"},"sameAs":["https:\/\/facebook.com\/molamarix"]}]}},"amp_enabled":true,"_links":{"self":[{"href":"https:\/\/marix.us\/index.php\/wp-json\/wp\/v2\/pages\/8","targetHints":{"allow":["GET"]}}],"collection":[{"href":"https:\/\/marix.us\/index.php\/wp-json\/wp\/v2\/pages"}],"about":[{"href":"https:\/\/marix.us\/index.php\/wp-json\/wp\/v2\/types\/page"}],"author":[{"embeddable":true,"href":"https:\/\/marix.us\/index.php\/wp-json\/wp\/v2\/users\/1"}],"replies":[{"embeddable":true,"href":"https:\/\/marix.us\/index.php\/wp-json\/wp\/v2\/comments?post=8"}],"version-history":[{"count":1,"href":"https:\/\/marix.us\/index.php\/wp-json\/wp\/v2\/pages\/8\/revisions"}],"predecessor-version":[{"id":25629,"href":"https:\/\/marix.us\/index.php\/wp-json\/wp\/v2\/pages\/8\/revisions\/25629"}],"wp:featuredmedia":[{"embeddable":true,"href":"https:\/\/marix.us\/index.php\/wp-json\/wp\/v2\/media\/821"}],"wp:attachment":[{"href":"https:\/\/marix.us\/index.php\/wp-json\/wp\/v2\/media?parent=8"}],"curies":[{"name":"wp","href":"https:\/\/api.w.org\/{rel}","templated":true}]}}