{"id":937,"date":"2018-12-28T16:09:57","date_gmt":"2018-12-28T16:09:57","guid":{"rendered":"https:\/\/marix.us\/?page_id=937"},"modified":"2021-12-07T14:22:42","modified_gmt":"2021-12-07T14:22:42","slug":"problemas-y-soluciones-de-instalacion","status":"publish","type":"page","link":"https:\/\/marix.us\/index.php\/problemas-y-soluciones-de-instalacion\/","title":{"rendered":"Problemas y soluciones de instalaci\u00f3n"},"content":{"rendered":"<p><strong>Problema 1<\/strong><br>Cuando abre la puerta hacia un lado, vuelve correcta, pero cuando se abre al otro lado, al cerrar la puerta estaciona desalineada con el portal \/ cerradura.<br><strong>defecto<\/strong><br>Los tornillos est\u00e1n mal apretados.<br><strong>soluci\u00f3n<\/strong><br>Alinear la puerta en la posici\u00f3n ideal y apretar los cuatro (4) tornillos firmemente.<\/p>\n<p><strong>Problema 2<\/strong><br>La puerta fuerza el estacionamiento a la posici\u00f3n abierta.<br><strong>defecto<\/strong><br>La puerta se instal\u00f3 en la posici\u00f3n abierta.<br><strong>soluci\u00f3n<\/strong><br>Retirar el hardware superior de la puerta.<br>Desenganche la puerta del cierrapuerta Marix (en posici\u00f3n abierta).<br>Recoloque la puerta encajando en el resorte en la posici\u00f3n cerrada.<br>Fijar los tornillos del hardware superior.<br>Nota: Si en la posici\u00f3n cerrada, los tornillos del hardware superior tienen accesos impedidos, se debe, despu\u00e9s de encajar la puerta en el resorte en la posici\u00f3n cerrada, abrir la puerta parcialmente forzando el cierrapuerta Marix, dejando as\u00ed los tornillos accesibles para la fijaci\u00f3n de los herrajes m\u00e1s alto.<\/p>\n<p><strong>Problema 3<\/strong><br>La puerta siempre cierra desalineada al portal o cerradura.<br><strong>defecto<\/strong><br>Los tornillos se aprieta con el resorte desalineado.<br><strong>soluci\u00f3n<\/strong><br>Si los tornillos de fijaci\u00f3n del cierrapuerta Marix son accesibles, aflojelos. Si la puerta impide el acceso a los tornillos, deber\u00e1 retirarla retirando el hardware superior.<br>Con los tornillos ligeramente ajustados alinee el cierre de la puerta a la posici\u00f3n ideal.<br>Apriete de nuevo con firmeza los cuatro (4) tornillos de fijaci\u00f3n del cierrapuertas Marix<\/p>\n\n\n<p><\/p>\n","protected":false},"excerpt":{"rendered":"<p>Problemas y soluciones de instalaci\u00f3n Marix<\/p>\n","protected":false},"author":2,"featured_media":821,"parent":0,"menu_order":0,"comment_status":"closed","ping_status":"closed","template":"","meta":{"footnotes":""},"class_list":["post-937","page","type-page","status-publish","has-post-thumbnail","hentry"],"yoast_head":"<!-- This site is optimized with the Yoast SEO plugin v27.3 - https:\/\/yoast.com\/product\/yoast-seo-wordpress\/ -->\n<title>Problemas y soluciones de instalaci\u00f3n - Marix Pivot Door Closers<\/title>\n<meta name=\"robots\" content=\"index, follow, max-snippet:-1, max-image-preview:large, max-video-preview:-1\" \/>\n<link rel=\"canonical\" href=\"https:\/\/marix.us\/index.php\/problemas-y-soluciones-de-instalacion\/\" \/>\n<meta property=\"og:locale\" content=\"en_US\" \/>\n<meta property=\"og:type\" content=\"article\" \/>\n<meta property=\"og:title\" content=\"Problemas y soluciones de instalaci\u00f3n - Marix Pivot Door Closers\" \/>\n<meta property=\"og:description\" content=\"Problemas y soluciones de instalaci\u00f3n Marix\" \/>\n<meta property=\"og:url\" content=\"https:\/\/marix.us\/index.php\/problemas-y-soluciones-de-instalacion\/\" \/>\n<meta property=\"og:site_name\" content=\"Marix Pivot Door Closers\" \/>\n<meta property=\"article:publisher\" content=\"https:\/\/facebook.com\/molamarix\" \/>\n<meta property=\"article:modified_time\" content=\"2021-12-07T14:22:42+00:00\" \/>\n<meta property=\"og:image\" content=\"https:\/\/marix.us\/wp-content\/uploads\/2018\/11\/Casal-Marix-Ingles-s1200T.jpg\" \/>\n\t<meta property=\"og:image:width\" content=\"1200\" \/>\n\t<meta property=\"og:image:height\" content=\"675\" \/>\n\t<meta property=\"og:image:type\" content=\"image\/jpeg\" \/>\n<meta name=\"twitter:card\" content=\"summary_large_image\" \/>\n<meta name=\"twitter:label1\" content=\"Est. reading time\" \/>\n\t<meta name=\"twitter:data1\" content=\"1 minute\" \/>\n<script type=\"application\/ld+json\" class=\"yoast-schema-graph\">{\"@context\":\"https:\\\/\\\/schema.org\",\"@graph\":[{\"@type\":\"WebPage\",\"@id\":\"https:\\\/\\\/marix.us\\\/index.php\\\/problemas-y-soluciones-de-instalacion\\\/\",\"url\":\"https:\\\/\\\/marix.us\\\/index.php\\\/problemas-y-soluciones-de-instalacion\\\/\",\"name\":\"Problemas y soluciones de instalaci\u00f3n - Marix Pivot Door Closers\",\"isPartOf\":{\"@id\":\"https:\\\/\\\/marix.us\\\/#website\"},\"primaryImageOfPage\":{\"@id\":\"https:\\\/\\\/marix.us\\\/index.php\\\/problemas-y-soluciones-de-instalacion\\\/#primaryimage\"},\"image\":{\"@id\":\"https:\\\/\\\/marix.us\\\/index.php\\\/problemas-y-soluciones-de-instalacion\\\/#primaryimage\"},\"thumbnailUrl\":\"https:\\\/\\\/marix.us\\\/wp-content\\\/uploads\\\/2018\\\/11\\\/Casal-Marix-Ingles-s1200T.jpg\",\"datePublished\":\"2018-12-28T16:09:57+00:00\",\"dateModified\":\"2021-12-07T14:22:42+00:00\",\"breadcrumb\":{\"@id\":\"https:\\\/\\\/marix.us\\\/index.php\\\/problemas-y-soluciones-de-instalacion\\\/#breadcrumb\"},\"inLanguage\":\"en-US\",\"potentialAction\":[{\"@type\":\"ReadAction\",\"target\":[\"https:\\\/\\\/marix.us\\\/index.php\\\/problemas-y-soluciones-de-instalacion\\\/\"]}]},{\"@type\":\"ImageObject\",\"inLanguage\":\"en-US\",\"@id\":\"https:\\\/\\\/marix.us\\\/index.php\\\/problemas-y-soluciones-de-instalacion\\\/#primaryimage\",\"url\":\"https:\\\/\\\/marix.us\\\/wp-content\\\/uploads\\\/2018\\\/11\\\/Casal-Marix-Ingles-s1200T.jpg\",\"contentUrl\":\"https:\\\/\\\/marix.us\\\/wp-content\\\/uploads\\\/2018\\\/11\\\/Casal-Marix-Ingles-s1200T.jpg\",\"width\":1200,\"height\":675,\"caption\":\"Marix satisfied customers\"},{\"@type\":\"BreadcrumbList\",\"@id\":\"https:\\\/\\\/marix.us\\\/index.php\\\/problemas-y-soluciones-de-instalacion\\\/#breadcrumb\",\"itemListElement\":[{\"@type\":\"ListItem\",\"position\":1,\"name\":\"Home\",\"item\":\"https:\\\/\\\/marix.us\\\/\"},{\"@type\":\"ListItem\",\"position\":2,\"name\":\"Problemas y soluciones de instalaci\u00f3n\"}]},{\"@type\":\"WebSite\",\"@id\":\"https:\\\/\\\/marix.us\\\/#website\",\"url\":\"https:\\\/\\\/marix.us\\\/\",\"name\":\"Marix Pivot Door Closers\",\"description\":\"The Innovative Door Hinge\",\"publisher\":{\"@id\":\"https:\\\/\\\/marix.us\\\/#organization\"},\"potentialAction\":[{\"@type\":\"SearchAction\",\"target\":{\"@type\":\"EntryPoint\",\"urlTemplate\":\"https:\\\/\\\/marix.us\\\/?s={search_term_string}\"},\"query-input\":{\"@type\":\"PropertyValueSpecification\",\"valueRequired\":true,\"valueName\":\"search_term_string\"}}],\"inLanguage\":\"en-US\"},{\"@type\":\"Organization\",\"@id\":\"https:\\\/\\\/marix.us\\\/#organization\",\"name\":\"Marix Pivot Door Closers\",\"url\":\"https:\\\/\\\/marix.us\\\/\",\"logo\":{\"@type\":\"ImageObject\",\"inLanguage\":\"en-US\",\"@id\":\"https:\\\/\\\/marix.us\\\/#\\\/schema\\\/logo\\\/image\\\/\",\"url\":\"https:\\\/\\\/marix.us\\\/wp-content\\\/uploads\\\/2022\\\/08\\\/cropped-LOGO-USA-Blue-12.webp\",\"contentUrl\":\"https:\\\/\\\/marix.us\\\/wp-content\\\/uploads\\\/2022\\\/08\\\/cropped-LOGO-USA-Blue-12.webp\",\"width\":196,\"height\":44,\"caption\":\"Marix Pivot Door Closers\"},\"image\":{\"@id\":\"https:\\\/\\\/marix.us\\\/#\\\/schema\\\/logo\\\/image\\\/\"},\"sameAs\":[\"https:\\\/\\\/facebook.com\\\/molamarix\"]}]}<\/script>\n<!-- \/ Yoast SEO plugin. -->","yoast_head_json":{"title":"Problemas y soluciones de instalaci\u00f3n - Marix Pivot Door Closers","robots":{"index":"index","follow":"follow","max-snippet":"max-snippet:-1","max-image-preview":"max-image-preview:large","max-video-preview":"max-video-preview:-1"},"canonical":"https:\/\/marix.us\/index.php\/problemas-y-soluciones-de-instalacion\/","og_locale":"en_US","og_type":"article","og_title":"Problemas y soluciones de instalaci\u00f3n - Marix Pivot Door Closers","og_description":"Problemas y soluciones de instalaci\u00f3n Marix","og_url":"https:\/\/marix.us\/index.php\/problemas-y-soluciones-de-instalacion\/","og_site_name":"Marix Pivot Door Closers","article_publisher":"https:\/\/facebook.com\/molamarix","article_modified_time":"2021-12-07T14:22:42+00:00","og_image":[{"width":1200,"height":675,"url":"https:\/\/marix.us\/wp-content\/uploads\/2018\/11\/Casal-Marix-Ingles-s1200T.jpg","type":"image\/jpeg"}],"twitter_card":"summary_large_image","twitter_misc":{"Est. reading time":"1 minute"},"schema":{"@context":"https:\/\/schema.org","@graph":[{"@type":"WebPage","@id":"https:\/\/marix.us\/index.php\/problemas-y-soluciones-de-instalacion\/","url":"https:\/\/marix.us\/index.php\/problemas-y-soluciones-de-instalacion\/","name":"Problemas y soluciones de instalaci\u00f3n - Marix Pivot Door Closers","isPartOf":{"@id":"https:\/\/marix.us\/#website"},"primaryImageOfPage":{"@id":"https:\/\/marix.us\/index.php\/problemas-y-soluciones-de-instalacion\/#primaryimage"},"image":{"@id":"https:\/\/marix.us\/index.php\/problemas-y-soluciones-de-instalacion\/#primaryimage"},"thumbnailUrl":"https:\/\/marix.us\/wp-content\/uploads\/2018\/11\/Casal-Marix-Ingles-s1200T.jpg","datePublished":"2018-12-28T16:09:57+00:00","dateModified":"2021-12-07T14:22:42+00:00","breadcrumb":{"@id":"https:\/\/marix.us\/index.php\/problemas-y-soluciones-de-instalacion\/#breadcrumb"},"inLanguage":"en-US","potentialAction":[{"@type":"ReadAction","target":["https:\/\/marix.us\/index.php\/problemas-y-soluciones-de-instalacion\/"]}]},{"@type":"ImageObject","inLanguage":"en-US","@id":"https:\/\/marix.us\/index.php\/problemas-y-soluciones-de-instalacion\/#primaryimage","url":"https:\/\/marix.us\/wp-content\/uploads\/2018\/11\/Casal-Marix-Ingles-s1200T.jpg","contentUrl":"https:\/\/marix.us\/wp-content\/uploads\/2018\/11\/Casal-Marix-Ingles-s1200T.jpg","width":1200,"height":675,"caption":"Marix satisfied customers"},{"@type":"BreadcrumbList","@id":"https:\/\/marix.us\/index.php\/problemas-y-soluciones-de-instalacion\/#breadcrumb","itemListElement":[{"@type":"ListItem","position":1,"name":"Home","item":"https:\/\/marix.us\/"},{"@type":"ListItem","position":2,"name":"Problemas y soluciones de instalaci\u00f3n"}]},{"@type":"WebSite","@id":"https:\/\/marix.us\/#website","url":"https:\/\/marix.us\/","name":"Marix Pivot Door Closers","description":"The Innovative Door Hinge","publisher":{"@id":"https:\/\/marix.us\/#organization"},"potentialAction":[{"@type":"SearchAction","target":{"@type":"EntryPoint","urlTemplate":"https:\/\/marix.us\/?s={search_term_string}"},"query-input":{"@type":"PropertyValueSpecification","valueRequired":true,"valueName":"search_term_string"}}],"inLanguage":"en-US"},{"@type":"Organization","@id":"https:\/\/marix.us\/#organization","name":"Marix Pivot Door Closers","url":"https:\/\/marix.us\/","logo":{"@type":"ImageObject","inLanguage":"en-US","@id":"https:\/\/marix.us\/#\/schema\/logo\/image\/","url":"https:\/\/marix.us\/wp-content\/uploads\/2022\/08\/cropped-LOGO-USA-Blue-12.webp","contentUrl":"https:\/\/marix.us\/wp-content\/uploads\/2022\/08\/cropped-LOGO-USA-Blue-12.webp","width":196,"height":44,"caption":"Marix Pivot Door Closers"},"image":{"@id":"https:\/\/marix.us\/#\/schema\/logo\/image\/"},"sameAs":["https:\/\/facebook.com\/molamarix"]}]}},"amp_enabled":true,"_links":{"self":[{"href":"https:\/\/marix.us\/index.php\/wp-json\/wp\/v2\/pages\/937","targetHints":{"allow":["GET"]}}],"collection":[{"href":"https:\/\/marix.us\/index.php\/wp-json\/wp\/v2\/pages"}],"about":[{"href":"https:\/\/marix.us\/index.php\/wp-json\/wp\/v2\/types\/page"}],"author":[{"embeddable":true,"href":"https:\/\/marix.us\/index.php\/wp-json\/wp\/v2\/users\/2"}],"replies":[{"embeddable":true,"href":"https:\/\/marix.us\/index.php\/wp-json\/wp\/v2\/comments?post=937"}],"version-history":[{"count":0,"href":"https:\/\/marix.us\/index.php\/wp-json\/wp\/v2\/pages\/937\/revisions"}],"wp:featuredmedia":[{"embeddable":true,"href":"https:\/\/marix.us\/index.php\/wp-json\/wp\/v2\/media\/821"}],"wp:attachment":[{"href":"https:\/\/marix.us\/index.php\/wp-json\/wp\/v2\/media?parent=937"}],"curies":[{"name":"wp","href":"https:\/\/api.w.org\/{rel}","templated":true}]}}