{"id":949,"date":"2018-12-28T16:36:38","date_gmt":"2018-12-28T16:36:38","guid":{"rendered":"https:\/\/marix.us\/?page_id=949"},"modified":"2025-02-25T11:11:31","modified_gmt":"2025-02-25T11:11:31","slug":"cierrapuertas-para-puerta-de-blindex","status":"publish","type":"page","link":"https:\/\/marix.us\/index.php\/cierrapuertas-para-puerta-de-blindex\/","title":{"rendered":"Cierrapuertas para puerta de blindex"},"content":{"rendered":"<p><script type=\"application\/ld+json\">\n{\n     \"@context\": \"http:\/\/schema.org\",\n     \"@type\": \"VideoObject\",\n     \"name\":\"Cierrapuerta Marix\",\n     \"description\":\"Instalaci\u00f3n de Cierrapuerta Marix para puertas pivotantes de blindex\",\n     \"uploadDate\": \"2015-04-30\",\n     \"thumbnailUrl\": \"https:\/\/i.ytimg.com\/vi\/XEculjl47M4\/maxresdefault.jpg\",\n     \"embedUrl\": \"https:\/\/youtu.be\/XEculjl47M4\",\n     \"publisher\": {\n        \"@type\": \"Organization\",\n        \"name\": \"Marix Door Closers\",\n        \"logo\": {\n          \"@type\": \"ImageObject\",\n          \"url\": \"https:\/\/marix.us\/wp-content\/uploads\/2022\/01\/cropped-LOGO-USA-Blue-12.jpg\"\n        }\n      }\n}\n<\/script><\/p>\n\n\n<p>Hecho para las puertas de cualquier material, cierrapuertas pivotantes de Marix hacen que su proyecto sea realmente elegante y de aspecto simple, y no tiene tratos. Su estilo y estructura minimalista lo hacen ideal para las casas modernas y modernas.<\/p>\n<p>Acompa\u00f1a kit de hardware en acero inoxidable que transforma cualquier puerta en puerta pivotante moderna sin la necesidad de bisagras y obsoletas resortes a\u00e9reos.<br \/>Aplicaciones del cierrapuerta Marix para puertas de madera:<br \/>\u00b7 Puertas de Fachadas de casas y apartamentos;<br \/>\u00b7 Puertas internas en especial: Salas, Cocinas y Ba\u00f1os;<br \/>\u00b7 Puertas de oficinas, consultorios, hospitales y establecimientos comerciales en general.<br \/>Cierrapuerta Marix para piso con dise\u00f1o discreto, armonioso y moderno, proporcionando belleza y elegancia a cualquier ambiente. Su tama\u00f1o reducido es discreto y al mismo tiempo robusto, sin necesidad de mantenimiento.<br \/>Cierrapuerta de f\u00e1cil instalaci\u00f3n, sin necesidad de grandes obras y quebradora, trae seguridad y tranquilidad a la hora de instalar y operar.<\/p>\n<div class=\"lyte-wrapper\" title=\"Gu&iacute;a de Instalaci&oacute;n de Cierrapuertas Marix para Puertas Pivotantes de Madera, Vidrio y Alum&iacute;nio.\" style=\"width:1280px;max-width:100%;margin:5px;\"><div class=\"lyMe hidef\" id=\"WYL_XEculjl47M4\" itemprop=\"video\" itemscope itemtype=\"https:\/\/schema.org\/VideoObject\"><div><meta itemprop=\"thumbnailUrl\" content=\"https:\/\/marix.us\/wp-content\/plugins\/wp-youtube-lyte\/lyteCache.php?origThumbUrl=https%3A%2F%2Fi.ytimg.com%2Fvi%2FXEculjl47M4%2Fmaxresdefault.jpg\" \/><meta itemprop=\"embedURL\" content=\"https:\/\/www.youtube.com\/embed\/XEculjl47M4\" \/><meta itemprop=\"duration\" content=\"PT4M6S\" \/><meta itemprop=\"uploadDate\" content=\"2015-04-30T21:14:35Z\" \/><\/div><div id=\"lyte_XEculjl47M4\" data-src=\"https:\/\/marix.us\/wp-content\/plugins\/wp-youtube-lyte\/lyteCache.php?origThumbUrl=https%3A%2F%2Fi.ytimg.com%2Fvi%2FXEculjl47M4%2Fmaxresdefault.jpg\" class=\"pL\"><div class=\"tC\"><div class=\"tT\" itemprop=\"name\">Gu\u00eda de Instalaci\u00f3n de Cierrapuertas Marix para Puertas Pivotantes de Madera, Vidrio y Alum\u00ednio.<\/div><\/div><div class=\"play\"><\/div><div class=\"ctrl\"><div class=\"Lctrl\"><\/div><div class=\"Rctrl\"><\/div><\/div><\/div><noscript><a href=\"https:\/\/youtu.be\/XEculjl47M4\" rel=\"nofollow\"><img loading=\"lazy\" decoding=\"async\" src=\"https:\/\/marix.us\/wp-content\/plugins\/wp-youtube-lyte\/lyteCache.php?origThumbUrl=https%3A%2F%2Fi.ytimg.com%2Fvi%2FXEculjl47M4%2F0.jpg\" alt=\"Gu&iacute;a de Instalaci&oacute;n de Cierrapuertas Marix para Puertas Pivotantes de Madera, Vidrio y Alum&iacute;nio.\" width=\"1280\" height=\"700\" \/><br \/>Watch this video on YouTube<\/a><\/noscript><meta itemprop=\"description\" content=\"Cierrapuertas Marix - Gu\u00eda de Instalaci\u00f3n de Cierrapuertas Marix para Puertas Pivotantes de Madera #serralheria Puerta Pivotante con cierrapuertas de Piso Marix. Elimina el uso de Bisagras y puede sustituir a los cierrapuertas A\u00e9reos, siendo f\u00e1cilmente utilizada en hoteles, hospitales, restaurantes y residencias. Elimina los golpes no deseados de puertas de cocina, ba\u00f1os, cuartos, etc. Producto con 05 a\u00f1os de garant\u00eda de f\u00e1brica. Sea un distribuidor de Marix en su pa\u00eds o regi\u00f3n. Visite nuestro sitio web: www.marix.com.br https:\/\/www.marix.com.br\/sea-un-distribuidor-marix\/\"><\/div><\/div><div class=\"lL\" style=\"max-width:100%;width:1280px;margin:5px;\"><\/div><\/p>\n<p>FORMAS DE ABRIR Y CERRAR<br \/>\u2022 Abre a ambos lados con funci\u00f3n de parada cada 90 \u00b0 y con retomo a la posici\u00f3n cerrada ocurriendo de forma ligera y suave.<br \/>\u2022 Gira a 360 \u00b0 sobre el eje cuando se instala en el centro de la puerta.<\/p>\n<p>CARACTER\u00cdSTICAS T\u00c9CNICAS DEL CIERRAPUERTAS MARIX PARA PUERTA DE MADERA<br \/>\u2022 Cuerpo externo del cierrapuerta en acero inoxidable 304;<br \/>\u2022 Mecanismo interno de cierre en acero sinterizado;<br \/>\u2022 Accionado por muelle helicoidal;<br \/>\u2022 Tecnolog\u00eda automovil\u00edstica<br \/>\u2022 Peso 300g;<br \/>\u2022 Van de apertura de hasta 1,20 m<br \/>\u2022 Ancho de puerta de hasta 2,40 m (pivote central)<br \/>\u2022 Soporta puertas de hasta 120 kg;<br \/>\u2022 Totalmente blindada;<br \/>\u2022 Acompa\u00f1a kit de herrajes tambi\u00e9n de acero inoxidable (3 piezas)<br \/>\u2022 5 a\u00f1os de garant\u00eda<\/p>\n<p><img loading=\"lazy\" decoding=\"async\" class=\"size-full wp-image-7331 alignleft\" src=\"https:\/\/marix.us\/wp-content\/uploads\/2021\/11\/mola-blue-tn.png\" alt=\"\" width=\"300\" height=\"270\" \/>CONTENIDO DEL EMBALAJE:<\/p>\n<p>\u2022 Nuevo cierrapuerta Marix con tapa<br \/>\u2022 Kit de herrajes para puerta de madera \/ aluminio (3x)<br \/>\u2022 Manual de instalaci\u00f3n para puerta de madera<br \/>\u2022 Cuna de la caja (2x) &#8211; Cuna de carton<br \/>\u2022 T\u00e9rmino de Garant\u00eda Marix<\/p>\n<p>INSTALACI\u00d3N DEL CIERRAPUERTA MARIX<br \/>\u2022 Acompa\u00f1a gu\u00eda explicativa para la instalaci\u00f3n paso a paso;<br \/>\u2022 El cierrapuerta Marix acompa\u00f1a en su caja una cuna de cart\u00f3n que se puede utilizar como plantilla para marcar los lugares de las perforaciones para la instalaci\u00f3n del cierrapuerta y los tornillos de fijaci\u00f3n.<br \/>\u2022 Tiempo medio de instalaci\u00f3n: 30 minutos.<\/p>\n<p>CARACTER\u00cdSTICAS ESPECIALES QUE HACEN DEL CIERRAPUERTA MARIX LO QUE EXISTE DE MEJOR EN EL MUNDO EN CIERRAPUERTAS DE PISO PARA PUERTAS DE VIDRIO, MADERA Y ALUMINIO.<br \/>\u2022 Dise\u00f1o Discreto, armonioso y de rasgos modernos, proporciona belleza y elegancia a cualquier ambiente;<br \/>\u2022 Nuevo sistema interno de accionamiento m\u00e1s moderno y duradero hecho con aleaci\u00f3n de cromo silicio, sin necesidad de mantenimiento;<br \/>\u2022 La ausencia de riesgos y accidentes en funci\u00f3n de las peque\u00f1as dimensiones del cierrapuerta MARIX, garantiza seguridad y tranquilidad a los usuarios;<br \/>\u2022 Fueron 3 a\u00f1os de investigaci\u00f3n para alcanzar la excelencia en tecnolog\u00eda del resorte de suelo MARIX, optimizada en todos los aspectos;<br \/>\u2022 Tama\u00f1o, usabilidad, resistencia, instalaci\u00f3n y precio.<\/p>\n<p style=\"text-align: center;\"><a href=\"https:\/\/marix.us\/index.php\/wooden-pivot-doors-hinge-instalation-guide\/\">GU\u00cdA DE INSTALACI\u00d3N PARA PUERTAS DE MADERA<\/a><\/p>\n<p style=\"text-align: center;\"><a href=\"https:\/\/marix.us\/index.php\/problemas-y-soluciones-de-instalacion\/\">Problemas y soluciones de instalaci\u00f3n<\/a><\/p>","protected":false},"excerpt":{"rendered":"<p>Cierrapuerta Marix: calidad e innovaci\u00f3n en acero inoxidable<\/p>\n","protected":false},"author":2,"featured_media":821,"parent":0,"menu_order":0,"comment_status":"closed","ping_status":"closed","template":"","meta":{"footnotes":""},"class_list":["post-949","page","type-page","status-publish","has-post-thumbnail","hentry"],"yoast_head":"<!-- This site is optimized with the Yoast SEO plugin v27.3 - https:\/\/yoast.com\/product\/yoast-seo-wordpress\/ -->\n<title>Cierrapuertas para puerta de blindex - Marix Pivot Door Closers<\/title>\n<meta name=\"description\" content=\"Cierrapuertas para puerta de blindex - hecho para puertas de cualquier material, Cierrapuertas Marix hacen su proyecto elegante y simple.\" \/>\n<meta name=\"robots\" content=\"index, follow, max-snippet:-1, max-image-preview:large, max-video-preview:-1\" \/>\n<link rel=\"canonical\" href=\"https:\/\/marix.us\/index.php\/cierrapuertas-para-puerta-de-blindex\/\" \/>\n<meta property=\"og:locale\" content=\"en_US\" \/>\n<meta property=\"og:type\" content=\"article\" \/>\n<meta property=\"og:title\" content=\"Cierrapuertas para puerta de blindex - Marix Pivot Door Closers\" \/>\n<meta property=\"og:description\" content=\"Cierrapuertas para puerta de blindex - hecho para puertas de cualquier material, Cierrapuertas Marix hacen su proyecto elegante y simple.\" \/>\n<meta property=\"og:url\" content=\"https:\/\/marix.us\/index.php\/cierrapuertas-para-puerta-de-blindex\/\" \/>\n<meta property=\"og:site_name\" content=\"Marix Pivot Door Closers\" \/>\n<meta property=\"article:publisher\" content=\"https:\/\/facebook.com\/molamarix\" \/>\n<meta property=\"article:modified_time\" content=\"2025-02-25T11:11:31+00:00\" \/>\n<meta property=\"og:image\" content=\"https:\/\/marix.us\/wp-content\/uploads\/2018\/11\/Casal-Marix-Ingles-s1200T.jpg\" \/>\n\t<meta property=\"og:image:width\" content=\"1200\" \/>\n\t<meta property=\"og:image:height\" content=\"675\" \/>\n\t<meta property=\"og:image:type\" content=\"image\/jpeg\" \/>\n<meta name=\"twitter:card\" content=\"summary_large_image\" \/>\n<meta name=\"twitter:label1\" content=\"Est. reading time\" \/>\n\t<meta name=\"twitter:data1\" content=\"3 minutes\" \/>\n<script type=\"application\/ld+json\" class=\"yoast-schema-graph\">{\"@context\":\"https:\\\/\\\/schema.org\",\"@graph\":[{\"@type\":\"WebPage\",\"@id\":\"https:\\\/\\\/marix.us\\\/index.php\\\/cierrapuertas-para-puerta-de-blindex\\\/\",\"url\":\"https:\\\/\\\/marix.us\\\/index.php\\\/cierrapuertas-para-puerta-de-blindex\\\/\",\"name\":\"Cierrapuertas para puerta de blindex - Marix Pivot Door Closers\",\"isPartOf\":{\"@id\":\"https:\\\/\\\/marix.us\\\/#website\"},\"primaryImageOfPage\":{\"@id\":\"https:\\\/\\\/marix.us\\\/index.php\\\/cierrapuertas-para-puerta-de-blindex\\\/#primaryimage\"},\"image\":{\"@id\":\"https:\\\/\\\/marix.us\\\/index.php\\\/cierrapuertas-para-puerta-de-blindex\\\/#primaryimage\"},\"thumbnailUrl\":\"https:\\\/\\\/marix.us\\\/wp-content\\\/uploads\\\/2018\\\/11\\\/Casal-Marix-Ingles-s1200T.jpg\",\"datePublished\":\"2018-12-28T16:36:38+00:00\",\"dateModified\":\"2025-02-25T11:11:31+00:00\",\"description\":\"Cierrapuertas para puerta de blindex - hecho para puertas de cualquier material, Cierrapuertas Marix hacen su proyecto elegante y simple.\",\"breadcrumb\":{\"@id\":\"https:\\\/\\\/marix.us\\\/index.php\\\/cierrapuertas-para-puerta-de-blindex\\\/#breadcrumb\"},\"inLanguage\":\"en-US\",\"potentialAction\":[{\"@type\":\"ReadAction\",\"target\":[\"https:\\\/\\\/marix.us\\\/index.php\\\/cierrapuertas-para-puerta-de-blindex\\\/\"]}]},{\"@type\":\"ImageObject\",\"inLanguage\":\"en-US\",\"@id\":\"https:\\\/\\\/marix.us\\\/index.php\\\/cierrapuertas-para-puerta-de-blindex\\\/#primaryimage\",\"url\":\"https:\\\/\\\/marix.us\\\/wp-content\\\/uploads\\\/2018\\\/11\\\/Casal-Marix-Ingles-s1200T.jpg\",\"contentUrl\":\"https:\\\/\\\/marix.us\\\/wp-content\\\/uploads\\\/2018\\\/11\\\/Casal-Marix-Ingles-s1200T.jpg\",\"width\":1200,\"height\":675,\"caption\":\"Marix satisfied customers\"},{\"@type\":\"BreadcrumbList\",\"@id\":\"https:\\\/\\\/marix.us\\\/index.php\\\/cierrapuertas-para-puerta-de-blindex\\\/#breadcrumb\",\"itemListElement\":[{\"@type\":\"ListItem\",\"position\":1,\"name\":\"Home\",\"item\":\"https:\\\/\\\/marix.us\\\/\"},{\"@type\":\"ListItem\",\"position\":2,\"name\":\"Cierrapuertas para puerta de blindex\"}]},{\"@type\":\"WebSite\",\"@id\":\"https:\\\/\\\/marix.us\\\/#website\",\"url\":\"https:\\\/\\\/marix.us\\\/\",\"name\":\"Marix Pivot Door Closers\",\"description\":\"The Innovative Door Hinge\",\"publisher\":{\"@id\":\"https:\\\/\\\/marix.us\\\/#organization\"},\"potentialAction\":[{\"@type\":\"SearchAction\",\"target\":{\"@type\":\"EntryPoint\",\"urlTemplate\":\"https:\\\/\\\/marix.us\\\/?s={search_term_string}\"},\"query-input\":{\"@type\":\"PropertyValueSpecification\",\"valueRequired\":true,\"valueName\":\"search_term_string\"}}],\"inLanguage\":\"en-US\"},{\"@type\":\"Organization\",\"@id\":\"https:\\\/\\\/marix.us\\\/#organization\",\"name\":\"Marix Pivot Door Closers\",\"url\":\"https:\\\/\\\/marix.us\\\/\",\"logo\":{\"@type\":\"ImageObject\",\"inLanguage\":\"en-US\",\"@id\":\"https:\\\/\\\/marix.us\\\/#\\\/schema\\\/logo\\\/image\\\/\",\"url\":\"https:\\\/\\\/marix.us\\\/wp-content\\\/uploads\\\/2022\\\/08\\\/cropped-LOGO-USA-Blue-12.webp\",\"contentUrl\":\"https:\\\/\\\/marix.us\\\/wp-content\\\/uploads\\\/2022\\\/08\\\/cropped-LOGO-USA-Blue-12.webp\",\"width\":196,\"height\":44,\"caption\":\"Marix Pivot Door Closers\"},\"image\":{\"@id\":\"https:\\\/\\\/marix.us\\\/#\\\/schema\\\/logo\\\/image\\\/\"},\"sameAs\":[\"https:\\\/\\\/facebook.com\\\/molamarix\"]}]}<\/script>\n<!-- \/ Yoast SEO plugin. -->","yoast_head_json":{"title":"Cierrapuertas para puerta de blindex - Marix Pivot Door Closers","description":"Cierrapuertas para puerta de blindex - hecho para puertas de cualquier material, Cierrapuertas Marix hacen su proyecto elegante y simple.","robots":{"index":"index","follow":"follow","max-snippet":"max-snippet:-1","max-image-preview":"max-image-preview:large","max-video-preview":"max-video-preview:-1"},"canonical":"https:\/\/marix.us\/index.php\/cierrapuertas-para-puerta-de-blindex\/","og_locale":"en_US","og_type":"article","og_title":"Cierrapuertas para puerta de blindex - Marix Pivot Door Closers","og_description":"Cierrapuertas para puerta de blindex - hecho para puertas de cualquier material, Cierrapuertas Marix hacen su proyecto elegante y simple.","og_url":"https:\/\/marix.us\/index.php\/cierrapuertas-para-puerta-de-blindex\/","og_site_name":"Marix Pivot Door Closers","article_publisher":"https:\/\/facebook.com\/molamarix","article_modified_time":"2025-02-25T11:11:31+00:00","og_image":[{"width":1200,"height":675,"url":"https:\/\/marix.us\/wp-content\/uploads\/2018\/11\/Casal-Marix-Ingles-s1200T.jpg","type":"image\/jpeg"}],"twitter_card":"summary_large_image","twitter_misc":{"Est. reading time":"3 minutes"},"schema":{"@context":"https:\/\/schema.org","@graph":[{"@type":"WebPage","@id":"https:\/\/marix.us\/index.php\/cierrapuertas-para-puerta-de-blindex\/","url":"https:\/\/marix.us\/index.php\/cierrapuertas-para-puerta-de-blindex\/","name":"Cierrapuertas para puerta de blindex - Marix Pivot Door Closers","isPartOf":{"@id":"https:\/\/marix.us\/#website"},"primaryImageOfPage":{"@id":"https:\/\/marix.us\/index.php\/cierrapuertas-para-puerta-de-blindex\/#primaryimage"},"image":{"@id":"https:\/\/marix.us\/index.php\/cierrapuertas-para-puerta-de-blindex\/#primaryimage"},"thumbnailUrl":"https:\/\/marix.us\/wp-content\/uploads\/2018\/11\/Casal-Marix-Ingles-s1200T.jpg","datePublished":"2018-12-28T16:36:38+00:00","dateModified":"2025-02-25T11:11:31+00:00","description":"Cierrapuertas para puerta de blindex - hecho para puertas de cualquier material, Cierrapuertas Marix hacen su proyecto elegante y simple.","breadcrumb":{"@id":"https:\/\/marix.us\/index.php\/cierrapuertas-para-puerta-de-blindex\/#breadcrumb"},"inLanguage":"en-US","potentialAction":[{"@type":"ReadAction","target":["https:\/\/marix.us\/index.php\/cierrapuertas-para-puerta-de-blindex\/"]}]},{"@type":"ImageObject","inLanguage":"en-US","@id":"https:\/\/marix.us\/index.php\/cierrapuertas-para-puerta-de-blindex\/#primaryimage","url":"https:\/\/marix.us\/wp-content\/uploads\/2018\/11\/Casal-Marix-Ingles-s1200T.jpg","contentUrl":"https:\/\/marix.us\/wp-content\/uploads\/2018\/11\/Casal-Marix-Ingles-s1200T.jpg","width":1200,"height":675,"caption":"Marix satisfied customers"},{"@type":"BreadcrumbList","@id":"https:\/\/marix.us\/index.php\/cierrapuertas-para-puerta-de-blindex\/#breadcrumb","itemListElement":[{"@type":"ListItem","position":1,"name":"Home","item":"https:\/\/marix.us\/"},{"@type":"ListItem","position":2,"name":"Cierrapuertas para puerta de blindex"}]},{"@type":"WebSite","@id":"https:\/\/marix.us\/#website","url":"https:\/\/marix.us\/","name":"Marix Pivot Door Closers","description":"The Innovative Door Hinge","publisher":{"@id":"https:\/\/marix.us\/#organization"},"potentialAction":[{"@type":"SearchAction","target":{"@type":"EntryPoint","urlTemplate":"https:\/\/marix.us\/?s={search_term_string}"},"query-input":{"@type":"PropertyValueSpecification","valueRequired":true,"valueName":"search_term_string"}}],"inLanguage":"en-US"},{"@type":"Organization","@id":"https:\/\/marix.us\/#organization","name":"Marix Pivot Door Closers","url":"https:\/\/marix.us\/","logo":{"@type":"ImageObject","inLanguage":"en-US","@id":"https:\/\/marix.us\/#\/schema\/logo\/image\/","url":"https:\/\/marix.us\/wp-content\/uploads\/2022\/08\/cropped-LOGO-USA-Blue-12.webp","contentUrl":"https:\/\/marix.us\/wp-content\/uploads\/2022\/08\/cropped-LOGO-USA-Blue-12.webp","width":196,"height":44,"caption":"Marix Pivot Door Closers"},"image":{"@id":"https:\/\/marix.us\/#\/schema\/logo\/image\/"},"sameAs":["https:\/\/facebook.com\/molamarix"]}]}},"amp_enabled":true,"_links":{"self":[{"href":"https:\/\/marix.us\/index.php\/wp-json\/wp\/v2\/pages\/949","targetHints":{"allow":["GET"]}}],"collection":[{"href":"https:\/\/marix.us\/index.php\/wp-json\/wp\/v2\/pages"}],"about":[{"href":"https:\/\/marix.us\/index.php\/wp-json\/wp\/v2\/types\/page"}],"author":[{"embeddable":true,"href":"https:\/\/marix.us\/index.php\/wp-json\/wp\/v2\/users\/2"}],"replies":[{"embeddable":true,"href":"https:\/\/marix.us\/index.php\/wp-json\/wp\/v2\/comments?post=949"}],"version-history":[{"count":1,"href":"https:\/\/marix.us\/index.php\/wp-json\/wp\/v2\/pages\/949\/revisions"}],"predecessor-version":[{"id":25475,"href":"https:\/\/marix.us\/index.php\/wp-json\/wp\/v2\/pages\/949\/revisions\/25475"}],"wp:featuredmedia":[{"embeddable":true,"href":"https:\/\/marix.us\/index.php\/wp-json\/wp\/v2\/media\/821"}],"wp:attachment":[{"href":"https:\/\/marix.us\/index.php\/wp-json\/wp\/v2\/media?parent=949"}],"curies":[{"name":"wp","href":"https:\/\/api.w.org\/{rel}","templated":true}]}}